{"id":1228,"date":"2021-11-23T14:11:58","date_gmt":"2021-11-23T13:11:58","guid":{"rendered":"https:\/\/www.vieux-telegraphe.fr\/?page_id=1228"},"modified":"2026-03-25T16:43:47","modified_gmt":"2026-03-25T15:43:47","slug":"geographie","status":"publish","type":"page","link":"https:\/\/www.vieux-telegraphe.fr\/en\/geographie\/","title":{"rendered":"GEOGRAPHY"},"content":{"rendered":"<div class=\"vc_row wpb_row vc_row-fluid\"><div class=\"wpb_column vc_column_container vc_col-sm-4\"><div class=\"vc_column-inner\"><div class=\"wpb_wrapper\">\n\t<div  class=\"wpb_single_image wpb_content_element vc_align_center\">\n\t\t\n\t\t<figure class=\"wpb_wrapper vc_figure\">\n\t\t\t<a class=\"\" data-lightbox=\"lightbox[rel-1228-3403471270]\" href=\"https:\/\/www.vieux-telegraphe.fr\/wp-content\/uploads\/2022\/02\/carte_brunier_home_site_vt-1024x709.jpg\" target=\"_self\"><img loading=\"lazy\" decoding=\"async\" width=\"1920\" height=\"1329\" src=\"https:\/\/www.vieux-telegraphe.fr\/wp-content\/uploads\/2022\/02\/carte_brunier_home_site_vt.jpg\" class=\"vc_single_image-img attachment-full\" alt=\"\" \/><\/a>\n\t\t<\/figure>\n\t<\/div>\n<\/div><\/div><\/div><div class=\"wpb_column vc_column_container vc_col-sm-8\"><div class=\"vc_column-inner\"><div class=\"wpb_wrapper\">\n\t<div class=\"wpb_text_column wpb_content_element\" >\n\t\t<div class=\"wpb_wrapper\">\n\t\t\t<p>Le domaine du Vieux T\u00e9l\u00e9graphe est exploit\u00e9 par notre famille, la famille Brunier, depuis six g\u00e9n\u00e9rations, exactement depuis 1891. Le vignoble, d\u2019une moyenne d\u2019\u00e2ge de 70 ans, est situ\u00e9 sur le c\u00e9l\u00e8bre plateau de la Crau, haut lieu de la viticulture de Ch\u00e2teauneuf-du-Pape.<\/p>\n<p>This terroir imparts to our wines a highly distinctive minerality, as if they have been filtered through the thick layer of large pebbles left behind when the Alpine glaciers melted, long before the Rh\u00f4ne Valley formed.<\/p>\n<p>Domaine du Vieux T\u00e9l\u00e9graphe (red and white), T\u00e9l\u00e9gramme (red), Piedlong (red), Clos Roqu\u00e8te (white)\u2026 we cultivate and vinify various expressions of the Ch\u00e2teauneuf-du-Pape terroir, but also Les Palli\u00e8res in Gigondas (white from reds and red), as well as Le Pigeoulet (red and white) and M\u00e9gaphone (red) in the foothills of Mont Ventoux.<\/p>\n\n\t\t<\/div>\n\t<\/div>\n<\/div><\/div><\/div><\/div><div class=\"vc_row wpb_row vc_row-fluid\"><div class=\"wpb_column vc_column_container vc_col-sm-12\"><div class=\"vc_column-inner\"><div class=\"wpb_wrapper\"><div class=\"vc_empty_space\"   style=\"height: 32px\"><span class=\"vc_empty_space_inner\"><\/span><\/div><\/div><\/div><\/div><\/div><div class=\"vc_row wpb_row vc_row-fluid\"><div class=\"wpb_column vc_column_container vc_col-sm-3\"><div class=\"vc_column-inner\"><div class=\"wpb_wrapper\">\n\t<div  class=\"wpb_single_image wpb_content_element vc_align_center  vc_custom_1743601590500\">\n\t\t\n\t\t<figure class=\"wpb_wrapper vc_figure\">\n\t\t\t<div class=\"vc_single_image-wrapper   vc_box_border_grey\"><img loading=\"lazy\" decoding=\"async\" width=\"2048\" height=\"1365\" src=\"https:\/\/www.vieux-telegraphe.fr\/wp-content\/uploads\/2025\/04\/CMCH0465.jpg\" class=\"vc_single_image-img attachment-full\" alt=\"\" \/><\/div>\n\t\t<\/figure>\n\t<\/div>\n<h2 style=\"text-align: center;font-family:Crete Round;font-weight:400;font-style:normal\" class=\"vc_custom_heading vc_custom_1743600114695\" >Plateau de la Crau Est<\/h2><\/div><\/div><\/div><div class=\"wpb_column vc_column_container vc_col-sm-3\"><div class=\"vc_column-inner\"><div class=\"wpb_wrapper\">\n\t<div  class=\"wpb_single_image wpb_content_element vc_align_left  vc_custom_1743600210072\">\n\t\t\n\t\t<figure class=\"wpb_wrapper vc_figure\">\n\t\t\t<div class=\"vc_single_image-wrapper   vc_box_border_grey\"><img loading=\"lazy\" decoding=\"async\" width=\"2048\" height=\"1365\" src=\"https:\/\/www.vieux-telegraphe.fr\/wp-content\/uploads\/2025\/04\/2025-LA-ROQUETE.jpg\" class=\"vc_single_image-img attachment-full\" alt=\"\" \/><\/div>\n\t\t<\/figure>\n\t<\/div>\n<h2 style=\"text-align: center;font-family:Crete Round;font-weight:400;font-style:normal\" class=\"vc_custom_heading vc_custom_1743599744266\" >La Roqu\u00e8te<\/h2><\/div><\/div><\/div><div class=\"wpb_column vc_column_container vc_col-sm-3\"><div class=\"vc_column-inner\"><div class=\"wpb_wrapper\">\n\t<div  class=\"wpb_single_image wpb_content_element vc_align_left  vc_custom_1743600220059\">\n\t\t\n\t\t<figure class=\"wpb_wrapper vc_figure\">\n\t\t\t<div class=\"vc_single_image-wrapper   vc_box_border_grey\"><img loading=\"lazy\" decoding=\"async\" width=\"2048\" height=\"1365\" src=\"https:\/\/www.vieux-telegraphe.fr\/wp-content\/uploads\/2025\/04\/CMCH0377.jpg\" class=\"vc_single_image-img attachment-full\" alt=\"\" \/><\/div>\n\t\t<\/figure>\n\t<\/div>\n<h2 style=\"text-align: center;font-family:Crete Round;font-weight:400;font-style:normal\" class=\"vc_custom_heading vc_custom_1743600199294\" >Piedlong<\/h2><\/div><\/div><\/div><div class=\"wpb_column vc_column_container vc_col-sm-3\"><div class=\"vc_column-inner\"><div class=\"wpb_wrapper\">\n\t<div  class=\"wpb_single_image wpb_content_element vc_align_left  vc_custom_1743600769153\">\n\t\t\n\t\t<figure class=\"wpb_wrapper vc_figure\">\n\t\t\t<div class=\"vc_single_image-wrapper   vc_box_border_grey\"><img loading=\"lazy\" decoding=\"async\" width=\"2048\" height=\"1365\" src=\"https:\/\/www.vieux-telegraphe.fr\/wp-content\/uploads\/2025\/04\/CMCH0496.jpg\" class=\"vc_single_image-img attachment-full\" alt=\"\" \/><\/div>\n\t\t<\/figure>\n\t<\/div>\n<h2 style=\"text-align: center;font-family:Crete Round;font-weight:400;font-style:normal\" class=\"vc_custom_heading vc_custom_1743600716672\" >Les Palli\u00e8res<\/h2><\/div><\/div><\/div><\/div>"},"excerpt":{"rendered":"Le domaine du Vieux T\u00e9l\u00e9graphe est exploit\u00e9 par notre famille, la famille Brunier, depuis six g\u00e9n\u00e9rations, [...]","protected":false},"author":1,"featured_media":0,"parent":0,"menu_order":0,"comment_status":"closed","ping_status":"closed","template":"","meta":{"footnotes":""},"class_list":["post-1228","page","type-page","status-publish","hentry"],"yoast_head":"<!-- This site is optimized with the Yoast SEO plugin v26.8 - https:\/\/yoast.com\/product\/yoast-seo-wordpress\/ -->\n<title>G\u00c9OGRAPHIE - Vieux T\u00e9l\u00e9graphe<\/title>\n<meta name=\"robots\" content=\"index, follow, max-snippet:-1, max-image-preview:large, max-video-preview:-1\" \/>\n<link rel=\"canonical\" href=\"https:\/\/www.vieux-telegraphe.fr\/en\/geographie\/\" \/>\n<meta property=\"og:locale\" content=\"en_GB\" \/>\n<meta property=\"og:type\" content=\"article\" \/>\n<meta property=\"og:title\" content=\"G\u00c9OGRAPHIE - Vieux T\u00e9l\u00e9graphe\" \/>\n<meta property=\"og:url\" content=\"https:\/\/www.vieux-telegraphe.fr\/en\/geographie\/\" \/>\n<meta property=\"og:site_name\" content=\"Vieux T\u00e9l\u00e9graphe\" \/>\n<meta property=\"article:modified_time\" content=\"2026-03-25T15:43:47+00:00\" \/>\n<meta name=\"twitter:card\" content=\"summary_large_image\" \/>\n<meta name=\"twitter:label1\" content=\"Estimated reading time\" \/>\n\t<meta name=\"twitter:data1\" content=\"3 minutes\" \/>\n<!-- \/ Yoast SEO plugin. -->","yoast_head_json":{"title":"G\u00c9OGRAPHIE - Vieux T\u00e9l\u00e9graphe","robots":{"index":"index","follow":"follow","max-snippet":"max-snippet:-1","max-image-preview":"max-image-preview:large","max-video-preview":"max-video-preview:-1"},"canonical":"https:\/\/www.vieux-telegraphe.fr\/en\/geographie\/","og_locale":"en_GB","og_type":"article","og_title":"G\u00c9OGRAPHIE - Vieux T\u00e9l\u00e9graphe","og_url":"https:\/\/www.vieux-telegraphe.fr\/en\/geographie\/","og_site_name":"Vieux T\u00e9l\u00e9graphe","article_modified_time":"2026-03-25T15:43:47+00:00","twitter_card":"summary_large_image","twitter_misc":{"Estimated reading time":"3 minutes"},"schema":{"@context":"https:\/\/schema.org","@graph":[{"@type":"WebPage","@id":"https:\/\/www.vieux-telegraphe.fr\/geographie\/","url":"https:\/\/www.vieux-telegraphe.fr\/geographie\/","name":"G\u00c9OGRAPHIE - Vieux T\u00e9l\u00e9graphe","isPartOf":{"@id":"https:\/\/www.vieux-telegraphe.fr\/#website"},"datePublished":"2021-11-23T13:11:58+00:00","dateModified":"2026-03-25T15:43:47+00:00","breadcrumb":{"@id":"https:\/\/www.vieux-telegraphe.fr\/geographie\/#breadcrumb"},"inLanguage":"en-GB","potentialAction":[{"@type":"ReadAction","target":["https:\/\/www.vieux-telegraphe.fr\/geographie\/"]}]},{"@type":"BreadcrumbList","@id":"https:\/\/www.vieux-telegraphe.fr\/geographie\/#breadcrumb","itemListElement":[{"@type":"ListItem","position":1,"name":"Accueil","item":"https:\/\/www.vieux-telegraphe.fr\/"},{"@type":"ListItem","position":2,"name":"G\u00c9OGRAPHIE"}]},{"@type":"WebSite","@id":"https:\/\/www.vieux-telegraphe.fr\/#website","url":"https:\/\/www.vieux-telegraphe.fr\/","name":"Vieux T\u00e9l\u00e9graphe","description":"grands vins de Ch\u00e2teauneuf-du-Pape","inLanguage":"en-GB"}]}},"_links":{"self":[{"href":"https:\/\/www.vieux-telegraphe.fr\/en\/wp-json\/wp\/v2\/pages\/1228","targetHints":{"allow":["GET"]}}],"collection":[{"href":"https:\/\/www.vieux-telegraphe.fr\/en\/wp-json\/wp\/v2\/pages"}],"about":[{"href":"https:\/\/www.vieux-telegraphe.fr\/en\/wp-json\/wp\/v2\/types\/page"}],"author":[{"embeddable":true,"href":"https:\/\/www.vieux-telegraphe.fr\/en\/wp-json\/wp\/v2\/users\/1"}],"replies":[{"embeddable":true,"href":"https:\/\/www.vieux-telegraphe.fr\/en\/wp-json\/wp\/v2\/comments?post=1228"}],"version-history":[{"count":49,"href":"https:\/\/www.vieux-telegraphe.fr\/en\/wp-json\/wp\/v2\/pages\/1228\/revisions"}],"predecessor-version":[{"id":3571,"href":"https:\/\/www.vieux-telegraphe.fr\/en\/wp-json\/wp\/v2\/pages\/1228\/revisions\/3571"}],"wp:attachment":[{"href":"https:\/\/www.vieux-telegraphe.fr\/en\/wp-json\/wp\/v2\/media?parent=1228"}],"curies":[{"name":"wp","href":"https:\/\/api.w.org\/{rel}","templated":true}]}}