{"id":1238,"date":"2021-11-23T14:17:49","date_gmt":"2021-11-23T13:17:49","guid":{"rendered":"https:\/\/www.vieux-telegraphe.fr\/?page_id=1238"},"modified":"2025-04-02T15:47:20","modified_gmt":"2025-04-02T13:47:20","slug":"culture","status":"publish","type":"page","link":"https:\/\/www.vieux-telegraphe.fr\/en\/culture\/","title":{"rendered":"CULTIVATION"},"content":{"rendered":"<div class=\"vc_row wpb_row vc_row-fluid\"><div class=\"wpb_column vc_column_container vc_col-sm-12\"><div class=\"vc_column-inner\"><div class=\"wpb_wrapper\">\n\t<div class=\"wpb_text_column wpb_content_element\" >\n\t\t<div class=\"wpb_wrapper\">\n\t\t\t<p>Our philosophy? Organic-raisonn\u00e9 and sustainable grape-growing.<\/p>\n<p>Whether our team of vignerons are labouring on the hot Plateau of La Crau, in the lieux-dits of Pignan, La Roqu\u00e8te and Piedlong, or on the cold steep slopes in the district of Les Palli\u00e8res, they are driven all year round by the conviction that the grapes should be able to thrive and be picked in the best possible conditions.<\/p>\n<p>Fine fruit is essential for a fine vintage.<br \/>\nTo achieve this, they are quick to tailor each task to each parcel of vines: for instance, pruning, the spreading of organic manure and traditional ploughing are winter chores that may seem straightforward at first glance, but in fact demand great care. In springtime and summer, the same applies for the debudding, done by hand, and the removal of surplus unripe grapes and surplus leaves; balance is everything, and practically each vine enjoys its own.<\/p>\n\n\t\t<\/div>\n\t<\/div>\n<\/div><\/div><\/div><\/div><div class=\"vc_row wpb_row vc_row-fluid\"><div class=\"wpb_column vc_column_container vc_col-sm-4\"><div class=\"vc_column-inner\"><div class=\"wpb_wrapper\">\n\t<div  class=\"wpb_single_image wpb_content_element vc_align_left\">\n\t\t\n\t\t<figure class=\"wpb_wrapper vc_figure\">\n\t\t\t<div class=\"vc_single_image-wrapper   vc_box_border_grey\"><img loading=\"lazy\" decoding=\"async\" width=\"1707\" height=\"2560\" src=\"https:\/\/www.vieux-telegraphe.fr\/wp-content\/uploads\/2025\/02\/VINEYARD-GRENACHE-VINE-STOCK-scaled.jpg\" class=\"vc_single_image-img attachment-full\" alt=\"\" \/><\/div>\n\t\t<\/figure>\n\t<\/div>\n\n\t<div class=\"wpb_text_column wpb_content_element\" >\n\t\t<div class=\"wpb_wrapper\">\n\t\t\t<p><em>\u201cLa Crau\u201d and its ground dominated by the rolled pebble<\/em><\/p>\n\n\t\t<\/div>\n\t<\/div>\n<\/div><\/div><\/div><div class=\"wpb_column vc_column_container vc_col-sm-8\"><div class=\"vc_column-inner\"><div class=\"wpb_wrapper\">\n\t<div class=\"wpb_text_column wpb_content_element\" >\n\t\t<div class=\"wpb_wrapper\">\n\t\t\t<p>The treatments effected during the vegetative period respect the rules of organic agriculture and are also raisonn\u00e9s, in order to meet two main goals:<br \/>\n- zero residues in the wines<br \/>\n- minimal external pollution<\/p>\n<p>To fight vine moths (eudemis and cochylis), since 1997 we have used the technique known as \u201csexual confusion\u201d. This simply involves saturating the vineyards with female pheromones, so that the disoriented male butterfly has great trouble in mating. The result? Fewer grape worms and healthier grapes, naturally. Harvesting, lastly, illustrates perfectly our philosophy of respect for tradition: the grapes are picked by hand and sorted twice, so that our winemakers receive the healthiest possible fruit. One last detail, which is indispensable to the concepts of terroir and AOC classification: we do not irrigate our vineyards.<\/p>\n<p>Climate, mistral, historic grape varieties, soils, human intuition, exposure\u2026\nThe personality of a terroir is a magical mixture of natural and human traits that suffices in itself to unveil an expression, or to convey a feeling, that no oenological technique can yet reproduce.<\/p>\n\n\t\t<\/div>\n\t<\/div>\n<\/div><\/div><\/div><\/div>"},"excerpt":{"rendered":"Une philosophie de culture dite raisonn\u00e9e-bio et durable. Que l\u2019on soit sur le chaud plateau de [...]","protected":false},"author":1,"featured_media":0,"parent":0,"menu_order":0,"comment_status":"closed","ping_status":"closed","template":"","meta":{"footnotes":""},"class_list":["post-1238","page","type-page","status-publish","hentry"],"yoast_head":"<!-- This site is optimized with the Yoast SEO plugin v26.8 - https:\/\/yoast.com\/product\/yoast-seo-wordpress\/ -->\n<title>CULTURE - Vieux T\u00e9l\u00e9graphe<\/title>\n<meta name=\"robots\" content=\"index, follow, max-snippet:-1, max-image-preview:large, max-video-preview:-1\" \/>\n<link rel=\"canonical\" href=\"https:\/\/www.vieux-telegraphe.fr\/en\/culture\/\" \/>\n<meta property=\"og:locale\" content=\"en_GB\" \/>\n<meta property=\"og:type\" content=\"article\" \/>\n<meta property=\"og:title\" content=\"CULTURE - Vieux T\u00e9l\u00e9graphe\" \/>\n<meta property=\"og:url\" content=\"https:\/\/www.vieux-telegraphe.fr\/en\/culture\/\" \/>\n<meta property=\"og:site_name\" content=\"Vieux T\u00e9l\u00e9graphe\" \/>\n<meta property=\"article:modified_time\" content=\"2025-04-02T13:47:20+00:00\" \/>\n<meta name=\"twitter:card\" content=\"summary_large_image\" \/>\n<meta name=\"twitter:label1\" content=\"Estimated reading time\" \/>\n\t<meta name=\"twitter:data1\" content=\"2 minutes\" \/>\n<!-- \/ Yoast SEO plugin. -->","yoast_head_json":{"title":"CULTURE - Vieux T\u00e9l\u00e9graphe","robots":{"index":"index","follow":"follow","max-snippet":"max-snippet:-1","max-image-preview":"max-image-preview:large","max-video-preview":"max-video-preview:-1"},"canonical":"https:\/\/www.vieux-telegraphe.fr\/en\/culture\/","og_locale":"en_GB","og_type":"article","og_title":"CULTURE - Vieux T\u00e9l\u00e9graphe","og_url":"https:\/\/www.vieux-telegraphe.fr\/en\/culture\/","og_site_name":"Vieux T\u00e9l\u00e9graphe","article_modified_time":"2025-04-02T13:47:20+00:00","twitter_card":"summary_large_image","twitter_misc":{"Estimated reading time":"2 minutes"},"schema":{"@context":"https:\/\/schema.org","@graph":[{"@type":"WebPage","@id":"https:\/\/www.vieux-telegraphe.fr\/culture\/","url":"https:\/\/www.vieux-telegraphe.fr\/culture\/","name":"CULTURE - Vieux T\u00e9l\u00e9graphe","isPartOf":{"@id":"https:\/\/www.vieux-telegraphe.fr\/#website"},"datePublished":"2021-11-23T13:17:49+00:00","dateModified":"2025-04-02T13:47:20+00:00","breadcrumb":{"@id":"https:\/\/www.vieux-telegraphe.fr\/culture\/#breadcrumb"},"inLanguage":"en-GB","potentialAction":[{"@type":"ReadAction","target":["https:\/\/www.vieux-telegraphe.fr\/culture\/"]}]},{"@type":"BreadcrumbList","@id":"https:\/\/www.vieux-telegraphe.fr\/culture\/#breadcrumb","itemListElement":[{"@type":"ListItem","position":1,"name":"Accueil","item":"https:\/\/www.vieux-telegraphe.fr\/"},{"@type":"ListItem","position":2,"name":"CULTURE"}]},{"@type":"WebSite","@id":"https:\/\/www.vieux-telegraphe.fr\/#website","url":"https:\/\/www.vieux-telegraphe.fr\/","name":"Vieux T\u00e9l\u00e9graphe","description":"grands vins de Ch\u00e2teauneuf-du-Pape","inLanguage":"en-GB"}]}},"_links":{"self":[{"href":"https:\/\/www.vieux-telegraphe.fr\/en\/wp-json\/wp\/v2\/pages\/1238","targetHints":{"allow":["GET"]}}],"collection":[{"href":"https:\/\/www.vieux-telegraphe.fr\/en\/wp-json\/wp\/v2\/pages"}],"about":[{"href":"https:\/\/www.vieux-telegraphe.fr\/en\/wp-json\/wp\/v2\/types\/page"}],"author":[{"embeddable":true,"href":"https:\/\/www.vieux-telegraphe.fr\/en\/wp-json\/wp\/v2\/users\/1"}],"replies":[{"embeddable":true,"href":"https:\/\/www.vieux-telegraphe.fr\/en\/wp-json\/wp\/v2\/comments?post=1238"}],"version-history":[{"count":6,"href":"https:\/\/www.vieux-telegraphe.fr\/en\/wp-json\/wp\/v2\/pages\/1238\/revisions"}],"predecessor-version":[{"id":3383,"href":"https:\/\/www.vieux-telegraphe.fr\/en\/wp-json\/wp\/v2\/pages\/1238\/revisions\/3383"}],"wp:attachment":[{"href":"https:\/\/www.vieux-telegraphe.fr\/en\/wp-json\/wp\/v2\/media?parent=1238"}],"curies":[{"name":"wp","href":"https:\/\/api.w.org\/{rel}","templated":true}]}}