{"id":1303,"date":"2021-11-23T15:51:34","date_gmt":"2021-11-23T14:51:34","guid":{"rendered":"https:\/\/www.vieux-telegraphe.fr\/?page_id=1303"},"modified":"2026-04-15T15:21:02","modified_gmt":"2026-04-15T13:21:02","slug":"contact","status":"publish","type":"page","link":"https:\/\/www.vieux-telegraphe.fr\/en\/contact\/","title":{"rendered":"CONTACT"},"content":{"rendered":"<div class=\"vc_row wpb_row vc_row-fluid\"><div class=\"wpb_column vc_column_container vc_col-sm-8\"><div class=\"vc_column-inner\"><div class=\"wpb_wrapper\"><div class=\"vc_empty_space\"   style=\"height: 32px\"><span class=\"vc_empty_space_inner\"><\/span><\/div><div class=\"vc_row wpb_row vc_inner vc_row-fluid\"><div class=\"wpb_column vc_column_container vc_col-sm-3\"><div class=\"vc_column-inner\"><div class=\"wpb_wrapper\">\n\t<div  class=\"wpb_single_image wpb_content_element vc_align_center\">\n\t\t\n\t\t<figure class=\"wpb_wrapper vc_figure\">\n\t\t\t<div class=\"vc_single_image-wrapper   vc_box_border_grey\"><img loading=\"lazy\" decoding=\"async\" width=\"1707\" height=\"2560\" src=\"https:\/\/www.vieux-telegraphe.fr\/wp-content\/uploads\/2025\/03\/ENTREE-BOUTIQUE-2-scaled.jpg\" class=\"vc_single_image-img attachment-full\" alt=\"\" \/><\/div>\n\t\t<\/figure>\n\t<\/div>\n<\/div><\/div><\/div><div class=\"wpb_column vc_column_container vc_col-sm-9\"><div class=\"vc_column-inner\"><div class=\"wpb_wrapper\">\n\t<div class=\"wpb_text_column wpb_content_element\" >\n\t\t<div class=\"wpb_wrapper\">\n\t\t\t<p style=\"text-align: left;\"><em>Opening hours:<br \/>\n<\/em>From monday to friday: 9am-12pm \/ 1:30pm-5:30pm<\/p>\n<p>Nous serons exceptionnellement ferm\u00e9s pour cause de jour f\u00e9ri\u00e9 les :<\/p>\n<p>lundi 6 avril, vendredi 1er mai, vendredi 8 mai et mardi 14 juillet.<\/p>\n<p>&nbsp;<\/p>\n<p style=\"text-align: left;\"><strong>Visites et d\u00e9gustations le matin sur rendez-vous uniquement &#8211; Par mail ou par t\u00e9l\u00e9phone.<\/strong><\/p>\n<p style=\"text-align: left;\"><strong>D\u00e9gustation et achat sans rendez-vous de 13h30 \u00e0 17h30<\/strong><\/p>\n<p style=\"text-align: left;\">Vieux T\u00e9l\u00e9graphe \u20133 route de Ch\u00e2teauneuf-du-Pape \u2013 84370 B\u00e9darrides<br \/>\nT\u00e9l. +33 (0)4 90 33 00 31.<br \/>\n<a href=\"mailto:contact@vieux-telegraphe.fr\">contact@vieux-telegraphe.fr<\/a><\/p>\n\n\t\t<\/div>\n\t<\/div>\n<\/div><\/div><\/div><\/div><div class=\"vc_row wpb_row vc_inner vc_row-fluid\"><div class=\"wpb_column vc_column_container vc_col-sm-4\"><div class=\"vc_column-inner\"><div class=\"wpb_wrapper\">\n\t<div  class=\"wpb_single_image wpb_content_element vc_align_center\">\n\t\t\n\t\t<figure class=\"wpb_wrapper vc_figure\">\n\t\t\t<div class=\"vc_single_image-wrapper   vc_box_border_grey\"><img loading=\"lazy\" decoding=\"async\" width=\"1361\" height=\"1905\" src=\"https:\/\/www.vieux-telegraphe.fr\/wp-content\/uploads\/2025\/03\/CMCH0173-e1741856738814.jpg\" class=\"vc_single_image-img attachment-full\" alt=\"\" \/><\/div>\n\t\t<\/figure>\n\t<\/div>\n\n\t<div class=\"wpb_text_column wpb_content_element\" >\n\t\t<div class=\"wpb_wrapper\">\n\t\t\t<p style=\"text-align: left;\"><strong>Victoria Salamone<br \/>\n<\/strong>Visite &amp; D\u00e9gustation &#8211; Clients Particuliers<br \/>\nTel. +33 (0)4-90-33-00-31<br \/>\nPort. +33 (0)6-23-96-61-09<br \/>\n<a href=\"mailto:victoria.salamone@vieux-telegraphe.fr\">victoria.salamone@vieux-telegraphe.fr<\/a><\/p>\n\n\t\t<\/div>\n\t<\/div>\n<\/div><\/div><\/div><div class=\"wpb_column vc_column_container vc_col-sm-4\"><div class=\"vc_column-inner\"><div class=\"wpb_wrapper\">\n\t<div  class=\"wpb_single_image wpb_content_element vc_align_center\">\n\t\t\n\t\t<figure class=\"wpb_wrapper vc_figure\">\n\t\t\t<div class=\"vc_single_image-wrapper   vc_box_border_grey\"><img loading=\"lazy\" decoding=\"async\" width=\"1365\" height=\"1914\" src=\"https:\/\/www.vieux-telegraphe.fr\/wp-content\/uploads\/2025\/03\/CMCH0245-2-e1741856704912.jpg\" class=\"vc_single_image-img attachment-full\" alt=\"\" \/><\/div>\n\t\t<\/figure>\n\t<\/div>\n\n\t<div class=\"wpb_text_column wpb_content_element\" >\n\t\t<div class=\"wpb_wrapper\">\n\t\t\t<p style=\"text-align: left;\"><strong>Claire Houlonne<br \/>\n<\/strong>Service Commercial France<br \/>\nT\u00e9l. +33 (0)4-90-33-00-31<br \/>\nFax +33 (0)4-90-33-18-47<br \/>\n<a href=\"mailto:claire.houlonne@vieux-telegraphe.fr\">claire.houlonne@vieux-telegraphe.fr<\/a><\/p>\n\n\t\t<\/div>\n\t<\/div>\n<\/div><\/div><\/div><\/div><div class=\"vc_row wpb_row vc_inner vc_row-fluid\"><div class=\"wpb_column vc_column_container vc_col-sm-4\"><div class=\"vc_column-inner\"><div class=\"wpb_wrapper\">\n\t<div  class=\"wpb_single_image wpb_content_element vc_align_center\">\n\t\t\n\t\t<figure class=\"wpb_wrapper vc_figure\">\n\t\t\t<div class=\"vc_single_image-wrapper   vc_box_border_grey\"><img loading=\"lazy\" decoding=\"async\" width=\"1356\" height=\"1704\" src=\"https:\/\/www.vieux-telegraphe.fr\/wp-content\/uploads\/2025\/03\/CMCH0096-e1741870084778.jpg\" class=\"vc_single_image-img attachment-full\" alt=\"\" \/><\/div>\n\t\t<\/figure>\n\t<\/div>\n\n\t<div class=\"wpb_text_column wpb_content_element\" >\n\t\t<div class=\"wpb_wrapper\">\n\t\t\t<p style=\"text-align: left;\"><strong>Corinne Mayran<br \/>\n<\/strong>Responsable Commercial France<br \/>\nT\u00e9l. +33 (0)4-90-31-36-87<br \/>\nPort. +33 (0)6-12-76-32-00<br \/>\n<a href=\"mailto:corinne@vieux-telegraphe.fr\">corinne@vieux-telegraphe.fr<\/a><\/p>\n\n\t\t<\/div>\n\t<\/div>\n<\/div><\/div><\/div><div class=\"wpb_column vc_column_container vc_col-sm-4\"><div class=\"vc_column-inner\"><div class=\"wpb_wrapper\">\n\t<div  class=\"wpb_single_image wpb_content_element vc_align_center\">\n\t\t\n\t\t<figure class=\"wpb_wrapper vc_figure\">\n\t\t\t<div class=\"vc_single_image-wrapper   vc_box_border_grey\"><img loading=\"lazy\" decoding=\"async\" width=\"1365\" height=\"1706\" src=\"https:\/\/www.vieux-telegraphe.fr\/wp-content\/uploads\/2025\/03\/CMCH0211-e1741856577319.jpg\" class=\"vc_single_image-img attachment-full\" alt=\"\" \/><\/div>\n\t\t<\/figure>\n\t<\/div>\n\n\t<div class=\"wpb_text_column wpb_content_element\" >\n\t\t<div class=\"wpb_wrapper\">\n\t\t\t<p><strong>Claire Latcher<br \/>\n<\/strong>Responsable Export<br \/>\nT\u00e9l. +33 (0)4-90-33-28-92<br \/>\nPort. +33 (0)6-25-69-04-71<br \/>\n<a href=\"mailto:claire.latcher@vieux-telegraphe.fr\">claire.latcher@vieux-telegraphe.fr<\/a><\/p>\n\n\t\t<\/div>\n\t<\/div>\n<\/div><\/div><\/div><div class=\"wpb_column vc_column_container vc_col-sm-12\"><div class=\"vc_column-inner\"><div class=\"wpb_wrapper\"><\/div><\/div><\/div><\/div><div class=\"vc_row wpb_row vc_inner vc_row-fluid\"><div class=\"wpb_column vc_column_container vc_col-sm-4\"><div class=\"vc_column-inner\"><div class=\"wpb_wrapper\">\n\t<div  class=\"wpb_single_image wpb_content_element vc_align_center\">\n\t\t\n\t\t<figure class=\"wpb_wrapper vc_figure\">\n\t\t\t<div class=\"vc_single_image-wrapper   vc_box_border_grey\"><img loading=\"lazy\" decoding=\"async\" width=\"1365\" height=\"1897\" src=\"https:\/\/www.vieux-telegraphe.fr\/wp-content\/uploads\/2025\/03\/CMCH0042-e1741856835184.jpg\" class=\"vc_single_image-img attachment-full\" alt=\"\" \/><\/div>\n\t\t<\/figure>\n\t<\/div>\n\n\t<div class=\"wpb_text_column wpb_content_element\" >\n\t\t<div class=\"wpb_wrapper\">\n\t\t\t<p style=\"text-align: left;\"><strong>Christophe Beroulle<br \/>\n<\/strong>Responsable Comptable et Administratif<br \/>\nT\u00e9l. +33 (0)4-90-33-28-91<br \/>\nPort. +33 (0)6-12-76-42-59<br \/>\n<a href=\"mailto:christophe.beroulle@vieux-telegraphe.fr\">christophe.beroulle@vieux-telegraphe.fr<\/a><\/p>\n\n\t\t<\/div>\n\t<\/div>\n<\/div><\/div><\/div><div class=\"wpb_column vc_column_container vc_col-sm-4\"><div class=\"vc_column-inner\"><div class=\"wpb_wrapper\">\n\t<div  class=\"wpb_single_image wpb_content_element vc_align_center\">\n\t\t\n\t\t<figure class=\"wpb_wrapper vc_figure\">\n\t\t\t<div class=\"vc_single_image-wrapper   vc_box_border_grey\"><img loading=\"lazy\" decoding=\"async\" width=\"1365\" height=\"1897\" src=\"https:\/\/www.vieux-telegraphe.fr\/wp-content\/uploads\/2025\/03\/CMCH0037-e1741856815252.jpg\" class=\"vc_single_image-img attachment-full\" alt=\"\" \/><\/div>\n\t\t<\/figure>\n\t<\/div>\n\n\t<div class=\"wpb_text_column wpb_content_element\" >\n\t\t<div class=\"wpb_wrapper\">\n\t\t\t<p style=\"text-align: left;\"><strong>Claire Mus<br \/>\n<\/strong>Comptabilit\u00e9<br \/>\nClients \/ Fournisseurs<br \/>\nTel. +33 (0)4-90-33-28-81<br \/>\nFax +33 (0)4-90-01-27-49<br \/>\n<a href=\"mailto:claire.mus@vieux-telegraphe.fr\">claire.mus@vieux-telegraphe.fr<\/a><\/p>\n\n\t\t<\/div>\n\t<\/div>\n<\/div><\/div><\/div><div class=\"wpb_column vc_column_container vc_col-sm-4\"><div class=\"vc_column-inner\"><div class=\"wpb_wrapper\"><\/div><\/div><\/div><\/div><div class=\"vc_row wpb_row vc_inner vc_row-fluid\"><div class=\"wpb_column vc_column_container vc_col-sm-4\"><div class=\"vc_column-inner\"><div class=\"wpb_wrapper\">\n\t<div class=\"wpb_text_column wpb_content_element\" >\n\t\t<div class=\"wpb_wrapper\">\n\t\t\t<p style=\"text-align: right;\"><strong>Daniel Brunier<\/strong><br \/>\n<a href=\"mailto:daniel@brunier.fr\">daniel@brunier.fr<\/a><\/p>\n\n\t\t<\/div>\n\t<\/div>\n<\/div><\/div><\/div><div class=\"wpb_column vc_column_container vc_col-sm-4\"><div class=\"vc_column-inner\"><div class=\"wpb_wrapper\">\n\t<div  class=\"wpb_single_image wpb_content_element vc_align_left\">\n\t\t\n\t\t<figure class=\"wpb_wrapper vc_figure\">\n\t\t\t<div class=\"vc_single_image-wrapper   vc_box_border_grey\"><img loading=\"lazy\" decoding=\"async\" width=\"800\" height=\"555\" src=\"https:\/\/www.vieux-telegraphe.fr\/wp-content\/uploads\/2022\/03\/daniel_fredo_s.jpeg\" class=\"vc_single_image-img attachment-full\" alt=\"\" \/><\/div>\n\t\t<\/figure>\n\t<\/div>\n<\/div><\/div><\/div><div class=\"wpb_column vc_column_container vc_col-sm-4\"><div class=\"vc_column-inner\"><div class=\"wpb_wrapper\">\n\t<div class=\"wpb_text_column wpb_content_element\" >\n\t\t<div class=\"wpb_wrapper\">\n\t\t\t<p><strong>Fr\u00e9d\u00e9ric Brunier<\/strong><br \/>\n<a href=\"mailto:frederic@brunier.fr\">frederic@brunier.fr<\/a><\/p>\n\n\t\t<\/div>\n\t<\/div>\n<\/div><\/div><\/div><\/div><div class=\"vc_row wpb_row vc_inner vc_row-fluid\"><div class=\"wpb_column vc_column_container vc_col-sm-4\"><div class=\"vc_column-inner\"><div class=\"wpb_wrapper\">\n\t<div  class=\"wpb_single_image wpb_content_element vc_align_left\">\n\t\t\n\t\t<figure class=\"wpb_wrapper vc_figure\">\n\t\t\t<div class=\"vc_single_image-wrapper   vc_box_border_grey\"><img loading=\"lazy\" decoding=\"async\" width=\"300\" height=\"433\" src=\"https:\/\/www.vieux-telegraphe.fr\/wp-content\/uploads\/2022\/03\/nicolas_brunier.jpeg\" class=\"vc_single_image-img attachment-full\" alt=\"\" \/><\/div>\n\t\t<\/figure>\n\t<\/div>\n\n\t<div class=\"wpb_text_column wpb_content_element\" >\n\t\t<div class=\"wpb_wrapper\">\n\t\t\t<p style=\"text-align: left;\"><strong>Edouard Brunier<\/strong><br \/>\n<a href=\"mailto:edouard@brunier.fr\">edouard@brunier.fr<\/a><\/p>\n\n\t\t<\/div>\n\t<\/div>\n<\/div><\/div><\/div><div class=\"wpb_column vc_column_container vc_col-sm-4\"><div class=\"vc_column-inner\"><div class=\"wpb_wrapper\">\n\t<div  class=\"wpb_single_image wpb_content_element vc_align_left\">\n\t\t\n\t\t<figure class=\"wpb_wrapper vc_figure\">\n\t\t\t<div class=\"vc_single_image-wrapper   vc_box_border_grey\"><img loading=\"lazy\" decoding=\"async\" width=\"300\" height=\"433\" src=\"https:\/\/www.vieux-telegraphe.fr\/wp-content\/uploads\/2022\/03\/edouard_brunier_s.jpeg\" class=\"vc_single_image-img attachment-full\" alt=\"\" \/><\/div>\n\t\t<\/figure>\n\t<\/div>\n\n\t<div class=\"wpb_text_column wpb_content_element\" >\n\t\t<div class=\"wpb_wrapper\">\n\t\t\t<p style=\"text-align: left;\"><strong>Nicolas Brunier<br \/>\n<\/strong><a href=\"mailto:nicolas@brunier.fr\">nicolas@brunier.fr<\/a><\/p>\n\n\t\t<\/div>\n\t<\/div>\n<\/div><\/div><\/div><div class=\"wpb_column vc_column_container vc_col-sm-4\"><div class=\"vc_column-inner\"><div class=\"wpb_wrapper\">\n\t<div  class=\"wpb_single_image wpb_content_element vc_align_left\">\n\t\t\n\t\t<figure class=\"wpb_wrapper vc_figure\">\n\t\t\t<div class=\"vc_single_image-wrapper   vc_box_border_grey\"><img loading=\"lazy\" decoding=\"async\" width=\"472\" height=\"649\" src=\"https:\/\/www.vieux-telegraphe.fr\/wp-content\/uploads\/2022\/03\/manon_brunier_floue_sombre.jpeg\" class=\"vc_single_image-img attachment-full\" alt=\"\" \/><\/div>\n\t\t<\/figure>\n\t<\/div>\n\n\t<div class=\"wpb_text_column wpb_content_element\" >\n\t\t<div class=\"wpb_wrapper\">\n\t\t\t<p><strong>Manon Brunier<\/strong><br \/>\n<a href=\"mailto:manon@brunier.fr\">manon@brunier.fr<\/a><\/p>\n\n\t\t<\/div>\n\t<\/div>\n<\/div><\/div><\/div><\/div><div class=\"vc_separator wpb_content_element vc_separator_align_center vc_sep_width_100 vc_sep_pos_align_center vc_separator_no_text vc_sep_color_grey\" ><span class=\"vc_sep_holder vc_sep_holder_l\"><span  class=\"vc_sep_line\"><\/span><\/span><span class=\"vc_sep_holder vc_sep_holder_r\"><span  class=\"vc_sep_line\"><\/span><\/span>\n<\/div>\n\t<div class=\"wpb_text_column wpb_content_element\" >\n\t\t<div class=\"wpb_wrapper\">\n\t\t\t<p style=\"text-align: left;\"><strong>Domaine du Vieux T\u00e9l\u00e9graphe<\/strong><br \/>\n3 Route de Ch\u00e2teauneuf-du-Pape 84370 &#8211; B\u00e9darrides<br \/>\nT\u00e9l. +33 (0)4 90 33 00 31<br \/>\nCoordonn\u00e9es GPS : 44.043094, 4.885149<\/p>\n\n\t\t<\/div>\n\t<\/div>\n<\/div><\/div><\/div><div class=\"wpb_column vc_column_container vc_col-sm-4\"><div class=\"vc_column-inner\"><div class=\"wpb_wrapper\"><\/div><\/div><\/div><\/div>"},"excerpt":{"rendered":"Horaires d\u2019ouverture du caveau : Du lundi au vendredi : 9h-12h \/ 13h30-17h30 Nous serons exceptionnellement [...]","protected":false},"author":1,"featured_media":0,"parent":0,"menu_order":0,"comment_status":"closed","ping_status":"closed","template":"","meta":{"footnotes":""},"class_list":["post-1303","page","type-page","status-publish","hentry"],"yoast_head":"<!-- This site is optimized with the Yoast SEO plugin v26.8 - https:\/\/yoast.com\/product\/yoast-seo-wordpress\/ -->\n<title>CONTACT - Vieux T\u00e9l\u00e9graphe<\/title>\n<meta name=\"robots\" content=\"index, follow, max-snippet:-1, max-image-preview:large, max-video-preview:-1\" \/>\n<link rel=\"canonical\" href=\"https:\/\/www.vieux-telegraphe.fr\/en\/contact\/\" \/>\n<meta property=\"og:locale\" content=\"en_GB\" \/>\n<meta property=\"og:type\" content=\"article\" \/>\n<meta property=\"og:title\" content=\"CONTACT - Vieux T\u00e9l\u00e9graphe\" \/>\n<meta property=\"og:url\" content=\"https:\/\/www.vieux-telegraphe.fr\/en\/contact\/\" \/>\n<meta property=\"og:site_name\" content=\"Vieux T\u00e9l\u00e9graphe\" \/>\n<meta property=\"article:modified_time\" content=\"2026-04-15T13:21:02+00:00\" \/>\n<meta name=\"twitter:card\" content=\"summary_large_image\" \/>\n<meta name=\"twitter:label1\" content=\"Estimated reading time\" \/>\n\t<meta name=\"twitter:data1\" content=\"4 minutes\" \/>\n<!-- \/ Yoast SEO plugin. -->","yoast_head_json":{"title":"CONTACT - Vieux T\u00e9l\u00e9graphe","robots":{"index":"index","follow":"follow","max-snippet":"max-snippet:-1","max-image-preview":"max-image-preview:large","max-video-preview":"max-video-preview:-1"},"canonical":"https:\/\/www.vieux-telegraphe.fr\/en\/contact\/","og_locale":"en_GB","og_type":"article","og_title":"CONTACT - Vieux T\u00e9l\u00e9graphe","og_url":"https:\/\/www.vieux-telegraphe.fr\/en\/contact\/","og_site_name":"Vieux T\u00e9l\u00e9graphe","article_modified_time":"2026-04-15T13:21:02+00:00","twitter_card":"summary_large_image","twitter_misc":{"Estimated reading time":"4 minutes"},"schema":{"@context":"https:\/\/schema.org","@graph":[{"@type":"WebPage","@id":"https:\/\/www.vieux-telegraphe.fr\/contact\/","url":"https:\/\/www.vieux-telegraphe.fr\/contact\/","name":"CONTACT - Vieux T\u00e9l\u00e9graphe","isPartOf":{"@id":"https:\/\/www.vieux-telegraphe.fr\/#website"},"datePublished":"2021-11-23T14:51:34+00:00","dateModified":"2026-04-15T13:21:02+00:00","breadcrumb":{"@id":"https:\/\/www.vieux-telegraphe.fr\/contact\/#breadcrumb"},"inLanguage":"en-GB","potentialAction":[{"@type":"ReadAction","target":["https:\/\/www.vieux-telegraphe.fr\/contact\/"]}]},{"@type":"BreadcrumbList","@id":"https:\/\/www.vieux-telegraphe.fr\/contact\/#breadcrumb","itemListElement":[{"@type":"ListItem","position":1,"name":"Accueil","item":"https:\/\/www.vieux-telegraphe.fr\/"},{"@type":"ListItem","position":2,"name":"CONTACT"}]},{"@type":"WebSite","@id":"https:\/\/www.vieux-telegraphe.fr\/#website","url":"https:\/\/www.vieux-telegraphe.fr\/","name":"Vieux T\u00e9l\u00e9graphe","description":"grands vins de Ch\u00e2teauneuf-du-Pape","inLanguage":"en-GB"}]}},"_links":{"self":[{"href":"https:\/\/www.vieux-telegraphe.fr\/en\/wp-json\/wp\/v2\/pages\/1303","targetHints":{"allow":["GET"]}}],"collection":[{"href":"https:\/\/www.vieux-telegraphe.fr\/en\/wp-json\/wp\/v2\/pages"}],"about":[{"href":"https:\/\/www.vieux-telegraphe.fr\/en\/wp-json\/wp\/v2\/types\/page"}],"author":[{"embeddable":true,"href":"https:\/\/www.vieux-telegraphe.fr\/en\/wp-json\/wp\/v2\/users\/1"}],"replies":[{"embeddable":true,"href":"https:\/\/www.vieux-telegraphe.fr\/en\/wp-json\/wp\/v2\/comments?post=1303"}],"version-history":[{"count":87,"href":"https:\/\/www.vieux-telegraphe.fr\/en\/wp-json\/wp\/v2\/pages\/1303\/revisions"}],"predecessor-version":[{"id":3603,"href":"https:\/\/www.vieux-telegraphe.fr\/en\/wp-json\/wp\/v2\/pages\/1303\/revisions\/3603"}],"wp:attachment":[{"href":"https:\/\/www.vieux-telegraphe.fr\/en\/wp-json\/wp\/v2\/media?parent=1303"}],"curies":[{"name":"wp","href":"https:\/\/api.w.org\/{rel}","templated":true}]}}