{"id":1556,"date":"2022-03-03T15:41:42","date_gmt":"2022-03-03T14:41:42","guid":{"rendered":"https:\/\/www.vieux-telegraphe.fr\/?page_id=1556"},"modified":"2022-03-03T15:49:51","modified_gmt":"2022-03-03T14:49:51","slug":"liens-utiles","status":"publish","type":"page","link":"https:\/\/www.vieux-telegraphe.fr\/en\/liens-utiles\/","title":{"rendered":"LIENS UTILES&#8230;"},"content":{"rendered":"<div class=\"vc_row wpb_row vc_row-fluid\"><div class=\"wpb_column vc_column_container vc_col-sm-12\"><div class=\"vc_column-inner\"><div class=\"wpb_wrapper\">\n\t<div class=\"wpb_text_column wpb_content_element\" >\n\t\t<div class=\"wpb_wrapper\">\n\t\t\t<p><strong>\u00b7 Informations sur le T\u00e9l\u00e9graphe Optique<\/strong><br \/>\n<a href=\"http:\/\/telegraphe-chappe.com\/chappe\/portail.html\" target=\"_blank\" rel=\"noopener\">T\u00e9l\u00e9graphe de Chappe<\/a><br \/>\n<a href=\"https:\/\/fr.wikipedia.org\/wiki\/Claude_Chappe\" target=\"_blank\" rel=\"noopener\">Claude Chappe (wikipedia)<\/a><br \/>\n<a href=\"https:\/\/fr.wikipedia.org\/wiki\/T%C3%A9l%C3%A9graphe\" target=\"_blank\" rel=\"noopener\">T\u00e9l\u00e9graphe (wikipedia)<\/a><\/p>\n\n\t\t<\/div>\n\t<\/div>\n<\/div><\/div><\/div><\/div><div class=\"vc_row wpb_row vc_row-fluid\"><div class=\"wpb_column vc_column_container vc_col-sm-12\"><div class=\"vc_column-inner\"><div class=\"wpb_wrapper\">\n\t<div class=\"wpb_text_column wpb_content_element\" >\n\t\t<div class=\"wpb_wrapper\">\n\t\t\t<p><strong>\u00b7 Informations sur les Appellations<\/strong><br \/>\n<a href=\"https:\/\/www.chateauneuf.com\/\" target=\"_blank\" rel=\"noopener\">www.chateauneuf.com<\/a><br \/>\n<a href=\"http:\/\/www.gigondas-vin.com\/\" target=\"_blank\" rel=\"noopener\">www.gigondas-vin.com<\/a><br \/>\n<a href=\"https:\/\/www.vins-rhone.com\/\" target=\"_blank\" rel=\"noopener\">www.vins-rhone.com<\/a><\/p>\n\n\t\t<\/div>\n\t<\/div>\n<\/div><\/div><\/div><\/div><div class=\"vc_row wpb_row vc_row-fluid\"><div class=\"wpb_column vc_column_container vc_col-sm-12\"><div class=\"vc_column-inner\"><div class=\"wpb_wrapper\">\n\t<div class=\"wpb_text_column wpb_content_element\" >\n\t\t<div class=\"wpb_wrapper\">\n\t\t\t<p><strong>\u00b7 Offices de Tourisme<\/strong><br \/>\n<a href=\"https:\/\/avignon-tourisme.com\/\" target=\"_blank\" rel=\"noopener\">Avignon<\/a><br \/>\n<a href=\"https:\/\/ot-chato9-pape.pagesperso-orange.fr\/\" target=\"_blank\" rel=\"noopener\">Ch\u00e2teauneuf du Pape<\/a><br \/>\n<a href=\"https:\/\/www.gigondas-dm.com\/\" target=\"_blank\" rel=\"noopener\">Gigondas<\/a><\/p>\n\n\t\t<\/div>\n\t<\/div>\n<\/div><\/div><\/div><\/div><div class=\"vc_row wpb_row vc_row-fluid\"><div class=\"wpb_column vc_column_container vc_col-sm-12\"><div class=\"vc_column-inner\"><div class=\"wpb_wrapper\">\n\t<div class=\"wpb_text_column wpb_content_element\" >\n\t\t<div class=\"wpb_wrapper\">\n\t\t\t<p><strong>\u00b7 Autres liens<\/strong><br \/>\n<a href=\"https:\/\/slowfood.fr\/\" target=\"_blank\" rel=\"noopener\">Slowfood<\/a><br \/>\n<a href=\"https:\/\/www.wine-searcher.com\/\" target=\"_blank\" rel=\"noopener\">winesearcher<\/a><br \/>\n<a href=\"https:\/\/www.hugedomains.com\/domain_profile.cfm?d=parlonsvin.com\" target=\"_blank\" rel=\"noopener\">parlonsvin<\/a><br \/>\n<a href=\"https:\/\/www.origin-gi.com\/fr\" target=\"_blank\" rel=\"noopener\">origin-gi<\/a><br \/>\n<a href=\"http:\/\/www.sitesremarquablesdugout.com\/\" target=\"_blank\" rel=\"noopener\">sites remarquables du gout<\/a><\/p>\n\n\t\t<\/div>\n\t<\/div>\n<\/div><\/div><\/div><\/div>"},"excerpt":{"rendered":"\u00b7 Informations sur le T\u00e9l\u00e9graphe Optique T\u00e9l\u00e9graphe de Chappe Claude Chappe (wikipedia) T\u00e9l\u00e9graphe (wikipedia) \u00b7 Informations [...]","protected":false},"author":1,"featured_media":0,"parent":0,"menu_order":0,"comment_status":"closed","ping_status":"closed","template":"","meta":{"footnotes":""},"class_list":["post-1556","page","type-page","status-publish","hentry"],"yoast_head":"<!-- This site is optimized with the Yoast SEO plugin v26.8 - https:\/\/yoast.com\/product\/yoast-seo-wordpress\/ -->\n<title>LIENS UTILES... - Vieux T\u00e9l\u00e9graphe<\/title>\n<meta name=\"robots\" content=\"index, follow, max-snippet:-1, max-image-preview:large, max-video-preview:-1\" \/>\n<link rel=\"canonical\" href=\"https:\/\/www.vieux-telegraphe.fr\/en\/liens-utiles\/\" \/>\n<meta property=\"og:locale\" content=\"en_GB\" \/>\n<meta property=\"og:type\" content=\"article\" \/>\n<meta property=\"og:title\" content=\"LIENS UTILES... - Vieux T\u00e9l\u00e9graphe\" \/>\n<meta property=\"og:url\" content=\"https:\/\/www.vieux-telegraphe.fr\/en\/liens-utiles\/\" \/>\n<meta property=\"og:site_name\" content=\"Vieux T\u00e9l\u00e9graphe\" \/>\n<meta property=\"article:modified_time\" content=\"2022-03-03T14:49:51+00:00\" \/>\n<meta name=\"twitter:card\" content=\"summary_large_image\" \/>\n<meta name=\"twitter:label1\" content=\"Estimated reading time\" \/>\n\t<meta name=\"twitter:data1\" content=\"1 minute\" \/>\n<!-- \/ Yoast SEO plugin. -->","yoast_head_json":{"title":"LIENS UTILES... - Vieux T\u00e9l\u00e9graphe","robots":{"index":"index","follow":"follow","max-snippet":"max-snippet:-1","max-image-preview":"max-image-preview:large","max-video-preview":"max-video-preview:-1"},"canonical":"https:\/\/www.vieux-telegraphe.fr\/en\/liens-utiles\/","og_locale":"en_GB","og_type":"article","og_title":"LIENS UTILES... - Vieux T\u00e9l\u00e9graphe","og_url":"https:\/\/www.vieux-telegraphe.fr\/en\/liens-utiles\/","og_site_name":"Vieux T\u00e9l\u00e9graphe","article_modified_time":"2022-03-03T14:49:51+00:00","twitter_card":"summary_large_image","twitter_misc":{"Estimated reading time":"1 minute"},"schema":{"@context":"https:\/\/schema.org","@graph":[{"@type":"WebPage","@id":"https:\/\/www.vieux-telegraphe.fr\/en\/liens-utiles\/","url":"https:\/\/www.vieux-telegraphe.fr\/en\/liens-utiles\/","name":"LIENS UTILES... - Vieux T\u00e9l\u00e9graphe","isPartOf":{"@id":"https:\/\/www.vieux-telegraphe.fr\/#website"},"datePublished":"2022-03-03T14:41:42+00:00","dateModified":"2022-03-03T14:49:51+00:00","breadcrumb":{"@id":"https:\/\/www.vieux-telegraphe.fr\/en\/liens-utiles\/#breadcrumb"},"inLanguage":"en-GB","potentialAction":[{"@type":"ReadAction","target":["https:\/\/www.vieux-telegraphe.fr\/en\/liens-utiles\/"]}]},{"@type":"BreadcrumbList","@id":"https:\/\/www.vieux-telegraphe.fr\/en\/liens-utiles\/#breadcrumb","itemListElement":[{"@type":"ListItem","position":1,"name":"Accueil","item":"https:\/\/www.vieux-telegraphe.fr\/"},{"@type":"ListItem","position":2,"name":"LIENS UTILES&#8230;"}]},{"@type":"WebSite","@id":"https:\/\/www.vieux-telegraphe.fr\/#website","url":"https:\/\/www.vieux-telegraphe.fr\/","name":"Vieux T\u00e9l\u00e9graphe","description":"grands vins de Ch\u00e2teauneuf-du-Pape","inLanguage":"en-GB"}]}},"_links":{"self":[{"href":"https:\/\/www.vieux-telegraphe.fr\/en\/wp-json\/wp\/v2\/pages\/1556","targetHints":{"allow":["GET"]}}],"collection":[{"href":"https:\/\/www.vieux-telegraphe.fr\/en\/wp-json\/wp\/v2\/pages"}],"about":[{"href":"https:\/\/www.vieux-telegraphe.fr\/en\/wp-json\/wp\/v2\/types\/page"}],"author":[{"embeddable":true,"href":"https:\/\/www.vieux-telegraphe.fr\/en\/wp-json\/wp\/v2\/users\/1"}],"replies":[{"embeddable":true,"href":"https:\/\/www.vieux-telegraphe.fr\/en\/wp-json\/wp\/v2\/comments?post=1556"}],"version-history":[{"count":2,"href":"https:\/\/www.vieux-telegraphe.fr\/en\/wp-json\/wp\/v2\/pages\/1556\/revisions"}],"predecessor-version":[{"id":1558,"href":"https:\/\/www.vieux-telegraphe.fr\/en\/wp-json\/wp\/v2\/pages\/1556\/revisions\/1558"}],"wp:attachment":[{"href":"https:\/\/www.vieux-telegraphe.fr\/en\/wp-json\/wp\/v2\/media?parent=1556"}],"curies":[{"name":"wp","href":"https:\/\/api.w.org\/{rel}","templated":true}]}}