{"id":2,"date":"2021-10-21T12:12:16","date_gmt":"2021-10-21T10:12:16","guid":{"rendered":"https:\/\/www.vieux-telegraphe.fr\/?page_id=2"},"modified":"2025-10-02T09:17:43","modified_gmt":"2025-10-02T07:17:43","slug":"page-d-exemple","status":"publish","type":"page","link":"https:\/\/www.vieux-telegraphe.fr\/en\/","title":{"rendered":"Accueil"},"content":{"rendered":"<div data-vc-full-width=\"true\" data-vc-full-width-init=\"false\" data-vc-stretch-content=\"true\" class=\"vc_row wpb_row vc_row-fluid vc_custom_1740248960495 vc_row-has-fill vc_row-no-padding\"><div class=\"bg-home-1 wpb_column vc_column_container vc_col-sm-12\"><div class=\"vc_column-inner vc_custom_1740248640593\"><div class=\"wpb_wrapper\">\n\t<div class=\"wpb_raw_code wpb_content_element wpb_raw_html vc_custom_1742378061360\" >\n\t\t<div class=\"wpb_wrapper\">\n\t\t\t<div class=\"bg-home-3\">\n<div class=\"row\">\n<div class=\"col-sm-12 col-md-12 col-lg-6 home-col-1\">\n<\/div>\n<div class=\"col-sm-12 col-md-12 col-lg-6 home-col-2\">\n<div class=\"bg-transparency\">\n<h1 >le domaine du<br> vieux te\u0301le\u0301graphe<\/h1>\n<p style=\"color:black;\">La Famille Brunier veille aux destin\u00e9es du domaine du Vieux T\u00e9l\u00e9graphe depuis 6 g\u00e9n\u00e9rations. Le vignoble est situ\u00e9 sur le c\u00e9l\u00e8bre plateau de la Crau, haut lieu de la viticulture de Ch\u00e2teauneuf-du-Pape. Ce terroir marque nos vins d\u2019une min\u00e9ralit\u00e9 toute particuli\u00e8re, comme s\u2019ils avaient \u00e9t\u00e9 filtr\u00e9s au travers de l\u2019\u00e9paisse couche de galets roul\u00e9s.<\/p><\/div>\n<\/div>\n<\/div>\n<\/div>\n\t\t<\/div>\n\t<\/div>\n<\/div><\/div><\/div><\/div><div class=\"vc_row-full-width vc_clearfix\"><\/div><div data-vc-full-width=\"true\" data-vc-full-width-init=\"false\" class=\"vc_row wpb_row vc_row-fluid vc_custom_1742485200246 vc_row-has-fill vc_row-o-full-height vc_row-o-columns-top vc_row-o-content-top vc_row-flex\"><div class=\"wpb_column vc_column_container vc_col-sm-10 vc_col-has-fill\"><div class=\"vc_column-inner vc_custom_1742485291779\"><div class=\"wpb_wrapper\">\n\t<div class=\"wpb_text_column wpb_content_element  vc_custom_1742485341534\" >\n\t\t<div class=\"wpb_wrapper\">\n\t\t\t<h5 style=\"text-align: center;\">MONT VENTOUX, THE GIANT OF PROVENCE<\/h5>\n<p style=\"text-align: center;\">Climate, mistral, historical grape varieties, soils, feelings, exposure... the personality of a terroir is a magical set of natural and human elements which is self-sufficient to reveal an expression, to emit a vibration that no oenological technique is not yet able to reproduce.<\/p>\n\n\t\t<\/div>\n\t<\/div>\n<\/div><\/div><\/div><div class=\"wpb_column vc_column_container vc_col-sm-2\"><div class=\"vc_column-inner\"><div class=\"wpb_wrapper\"><\/div><\/div><\/div><\/div><div class=\"vc_row-full-width vc_clearfix\"><\/div><div class=\"vc_row wpb_row vc_row-fluid vc_row-o-equal-height vc_row-o-content-middle vc_row-flex\"><div class=\"wpb_column vc_column_container vc_col-sm-2\"><div class=\"vc_column-inner\"><div class=\"wpb_wrapper\"><\/div><\/div><\/div><div class=\"wpb_column vc_column_container vc_col-sm-8\"><div class=\"vc_column-inner\"><div class=\"wpb_wrapper\"><div class=\"vc_empty_space\"   style=\"height: 32px\"><span class=\"vc_empty_space_inner\"><\/span><\/div><h2 style=\"text-align: center\" class=\"vc_custom_heading\" >RH\u00d4NE SUD<\/h2>\n\t<div class=\"wpb_text_column wpb_content_element\" >\n\t\t<div class=\"wpb_wrapper\">\n\t\t\t<p style=\"text-align: center;\">Domaine du Vieux T\u00e9l\u00e9graphe (red and white), T\u00e9l\u00e9gramme (red), Piedlong (red), Clos Roqu\u00e8te (white)\u2026 we cultivate and vinify various expressions of the Ch\u00e2teauneuf-du-Pape terroir, but also Les Palli\u00e8res in Gigondas (white from reds and red), as well as Le Pigeoulet (red and white) and M\u00e9gaphone (red) in the foothills of Mont Ventoux.<\/p>\n\n\t\t<\/div>\n\t<\/div>\n<div class=\"vc_btn3-container  btn-vt vc_btn3-center\" ><a class=\"vc_general vc_btn3 vc_btn3-size-xs vc_btn3-shape-rounded vc_btn3-style-modern vc_btn3-icon-left vc_btn3-color-grey\" href=\"https:\/\/www.vieux-telegraphe.fr\/wp-content\/uploads\/2022\/02\/carte_brunier_home_site_vt.jpg\" title=\"La carte\" target=\"_blank\"><i class=\"vc_btn3-icon fas fa-mouse-pointer\"><\/i> see the map<\/a><\/div><\/div><\/div><\/div><div class=\"wpb_column vc_column_container vc_col-sm-2\"><div class=\"vc_column-inner\"><div class=\"wpb_wrapper\"><\/div><\/div><\/div><\/div><div class=\"vc_row wpb_row vc_row-fluid\"><div class=\"wpb_column vc_column_container vc_col-sm-12\"><div class=\"vc_column-inner\"><div class=\"wpb_wrapper\"><div class=\"vc_empty_space\"   style=\"height: 50px\"><span class=\"vc_empty_space_inner\"><\/span><\/div><\/div><\/div><\/div><\/div><div class=\"vc_row wpb_row vc_row-fluid\"><div class=\"wpb_column vc_column_container vc_col-sm-12\"><div class=\"vc_column-inner\"><div class=\"wpb_wrapper\"><h2 style=\"text-align: center\" class=\"vc_custom_heading\" >OUR WINES<\/h2><div class=\"vc_empty_space\"   style=\"height: 32px\"><span class=\"vc_empty_space_inner\"><\/span><\/div><div class=\"vc_empty_space\"   style=\"height: 32px\"><span class=\"vc_empty_space_inner\"><\/span><\/div><\/div><\/div><\/div><\/div><div class=\"vc_row wpb_row vc_row-fluid\"><div class=\"wpb_column vc_column_container vc_col-sm-12\"><div class=\"vc_column-inner\"><div class=\"wpb_wrapper\">\n\t<div  class=\"wpb_single_image wpb_content_element vc_align_left\">\n\t\t\n\t\t<figure class=\"wpb_wrapper vc_figure\">\n\t\t\t<div class=\"vc_single_image-wrapper   vc_box_border_grey\"><img loading=\"lazy\" decoding=\"async\" width=\"2560\" height=\"750\" src=\"https:\/\/www.vieux-telegraphe.fr\/wp-content\/uploads\/2024\/04\/frise_packshots_site_vt_avril_2024-scaled.jpg\" class=\"vc_single_image-img attachment-full\" alt=\"\" \/><\/div>\n\t\t<\/figure>\n\t<\/div>\n<div class=\"vc_btn3-container  btn-vt vc_btn3-center\" ><a class=\"vc_general vc_btn3 vc_btn3-size-xs vc_btn3-shape-rounded vc_btn3-style-modern vc_btn3-icon-left vc_btn3-color-grey\" href=\"https:\/\/www.vieux-telegraphe.fr\/en\/la-gamme\/\" title=\"OUR WINES\"><i class=\"vc_btn3-icon fas fa-mouse-pointer\"><\/i> technical sheets<\/a><\/div><div class=\"vc_empty_space\"   style=\"height: 50px\"><span class=\"vc_empty_space_inner\"><\/span><\/div><\/div><\/div><\/div><\/div><div class=\"vc_row wpb_row vc_row-fluid vc_row-o-equal-height vc_row-o-content-middle vc_row-flex\"><div class=\"wpb_column vc_column_container vc_col-sm-6\"><div class=\"vc_column-inner vc_custom_1643395215271\"><div class=\"wpb_wrapper\">\n\t<div  class=\"wpb_single_image wpb_content_element vc_align_left  vc_custom_1739888124804\">\n\t\t\n\t\t<figure class=\"wpb_wrapper vc_figure\">\n\t\t\t<div class=\"vc_single_image-wrapper   vc_box_border_grey\"><img loading=\"lazy\" decoding=\"async\" width=\"1365\" height=\"2048\" src=\"https:\/\/www.vieux-telegraphe.fr\/wp-content\/uploads\/2025\/02\/IMGP5900.jpg\" class=\"vc_single_image-img attachment-full\" alt=\"\" \/><\/div>\n\t\t<\/figure>\n\t<\/div>\n<\/div><\/div><\/div><div class=\"wpb_column vc_column_container vc_col-sm-6\"><div class=\"vc_column-inner vc_custom_1643396257327\"><div class=\"wpb_wrapper\"><h2 style=\"text-align: left\" class=\"vc_custom_heading\" >AT MATURITY<\/h2>\n\t<div class=\"wpb_text_column wpb_content_element\" >\n\t\t<div class=\"wpb_wrapper\">\n\t\t\t<div class=\"page\" title=\"Page 1\">\n<div class=\"layoutArea\">\n<div class=\"column\">\n<p>A domain more than a century old necessarily has a cult of maturity. Time teaches us that wine is alive. Our cellars and those of those who love our wines contain treasures that tell our story, which we taste regularly. Find the tasting comments of our old vintages.<\/p>\n<\/div>\n<\/div>\n<\/div>\n\n\t\t<\/div>\n\t<\/div>\n<div class=\"vc_btn3-container vc_btn3-inline\" ><a class=\"vc_general vc_btn3 vc_btn3-size-md vc_btn3-shape-rounded vc_btn3-style-modern vc_btn3-color-grey\" href=\"\/en\/category\/millesimes\/\" title=\"search by vintage\">search by vintage<\/a><\/div><\/div><\/div><\/div><\/div><div class=\"vc_row wpb_row vc_row-fluid vc_custom_1643395424572 vc_row-o-equal-height vc_row-o-content-middle vc_row-flex\"><div class=\"wpb_column vc_column_container vc_col-sm-6\"><div class=\"vc_column-inner vc_custom_1643613738885\"><div class=\"wpb_wrapper\"><h2 style=\"text-align: right\" class=\"vc_custom_heading\" >SIX GENERATIONS<\/h2>\n\t<div class=\"wpb_text_column wpb_content_element\" >\n\t\t<div class=\"wpb_wrapper\">\n\t\t\t<div class=\"page\" title=\"Page 1\">\n<div class=\"layoutArea\">\n<div class=\"column\">\n<div class=\"page\" title=\"Page 1\">\n<div class=\"layoutArea\">\n<div class=\"column\">\n<p style=\"text-align: right;\">It was Henri Brunier who gave birth to this beautiful family story in 1891. A few generations later, at the very beginning of the 80s, Fr\u00e9d\u00e9ric and Daniel took over the destiny of the family business in tandem. In 2015 and 2016, Nicolas son of Fr\u00e9d\u00e9ric and Edouard, son of Daniel, entered the history of the Old Telegraph, fully integrating the company in key positions. Manon, daughter of Fr\u00e9d\u00e9ric, joined them in 2018\u2026<\/p>\n<\/div>\n<\/div>\n<\/div>\n<\/div>\n<\/div>\n<\/div>\n\n\t\t<\/div>\n\t<\/div>\n<\/div><\/div><\/div><div class=\"wpb_column vc_column_container vc_col-sm-6\"><div class=\"vc_column-inner vc_custom_1643395229627\"><div class=\"wpb_wrapper\">\n\t<div  class=\"wpb_single_image wpb_content_element vc_align_left  vc_custom_1671788821522\">\n\t\t\n\t\t<figure class=\"wpb_wrapper vc_figure\">\n\t\t\t<div class=\"vc_single_image-wrapper   vc_box_border_grey\"><img loading=\"lazy\" decoding=\"async\" width=\"1920\" height=\"2560\" src=\"https:\/\/www.vieux-telegraphe.fr\/wp-content\/uploads\/2022\/12\/IG-Domaine-Brunier_retouchee-scaled.jpg\" class=\"vc_single_image-img attachment-full\" alt=\"\" \/><\/div>\n\t\t<\/figure>\n\t<\/div>\n<\/div><\/div><\/div><\/div><div class=\"vc_row wpb_row vc_row-fluid\"><div class=\"wpb_column vc_column_container vc_col-sm-12\"><div class=\"vc_column-inner\"><div class=\"wpb_wrapper\"><div class=\"vc_empty_space\"   style=\"height: 50px\"><span class=\"vc_empty_space_inner\"><\/span><\/div><\/div><\/div><\/div><\/div><div data-vc-full-width=\"true\" data-vc-full-width-init=\"false\" data-vc-stretch-content=\"true\" class=\"vc_row wpb_row vc_row-fluid vc_row-no-padding\"><div class=\"wpb_column vc_column_container vc_col-sm-12\"><div class=\"vc_column-inner\"><div class=\"wpb_wrapper\"><div class=\"vc_row wpb_row vc_inner vc_row-fluid vc_column-gap-10\"><div class=\"wpb_column vc_column_container vc_col-sm-4\"><div class=\"vc_column-inner\"><div class=\"wpb_wrapper\">\n\t<div  class=\"wpb_single_image wpb_content_element vc_align_left\">\n\t\t\n\t\t<figure class=\"wpb_wrapper vc_figure\">\n\t\t\t<a href=\"https:\/\/www.instagram.com\/vieuxtelegraphe\/\" target=\"_blank\" class=\"vc_single_image-wrapper   vc_box_border_grey\"><img loading=\"lazy\" decoding=\"async\" width=\"1365\" height=\"2048\" src=\"https:\/\/www.vieux-telegraphe.fr\/wp-content\/uploads\/2025\/04\/2024-GALETS-e1743600913830.jpg\" class=\"vc_single_image-img attachment-full\" alt=\"\" \/><\/a>\n\t\t<\/figure>\n\t<\/div>\n<\/div><\/div><\/div><div class=\"wpb_column vc_column_container vc_col-sm-4\"><div class=\"vc_column-inner\"><div class=\"wpb_wrapper\">\n\t<div  class=\"wpb_single_image wpb_content_element vc_align_left\">\n\t\t\n\t\t<figure class=\"wpb_wrapper vc_figure\">\n\t\t\t<a href=\"https:\/\/www.instagram.com\/vieuxtelegraphe\/\" target=\"_blank\" class=\"vc_single_image-wrapper   vc_box_border_grey\"><img loading=\"lazy\" decoding=\"async\" width=\"1707\" height=\"2560\" src=\"https:\/\/www.vieux-telegraphe.fr\/wp-content\/uploads\/2025\/02\/VINEYARD-GRENACHE-VINE-STOCK-scaled.jpg\" class=\"vc_single_image-img attachment-full\" alt=\"\" \/><\/a>\n\t\t<\/figure>\n\t<\/div>\n<\/div><\/div><\/div><div class=\"wpb_column vc_column_container vc_col-sm-4\"><div class=\"vc_column-inner\"><div class=\"wpb_wrapper\">\n\t<div  class=\"wpb_single_image wpb_content_element vc_align_left\">\n\t\t\n\t\t<figure class=\"wpb_wrapper vc_figure\">\n\t\t\t<a href=\"https:\/\/www.instagram.com\/vieuxtelegraphe\/\" target=\"_blank\" class=\"vc_single_image-wrapper   vc_box_border_grey\"><img loading=\"lazy\" decoding=\"async\" width=\"1365\" height=\"2048\" src=\"https:\/\/www.vieux-telegraphe.fr\/wp-content\/uploads\/2025\/03\/2024-LA-CRAU.jpg\" class=\"vc_single_image-img attachment-full\" alt=\"\" \/><\/a>\n\t\t<\/figure>\n\t<\/div>\n<\/div><\/div><\/div><\/div><\/div><\/div><\/div><\/div><div class=\"vc_row-full-width vc_clearfix\"><\/div><div class=\"vc_row wpb_row vc_row-fluid vc_row-o-content-middle vc_row-flex\"><div class=\"wpb_column vc_column_container vc_col-sm-12\"><div class=\"vc_column-inner\"><div class=\"wpb_wrapper\"><div class=\"vc_empty_space\"   style=\"height: 32px\"><span class=\"vc_empty_space_inner\"><\/span><\/div><\/div><\/div><\/div><\/div><div class=\"vc_row wpb_row vc_row-fluid vc_row-o-equal-height vc_row-o-content-middle vc_row-flex\"><div class=\"wpb_column vc_column_container vc_col-sm-6\"><div class=\"vc_column-inner\"><div class=\"wpb_wrapper\">\n\t<div  class=\"wpb_single_image wpb_content_element vc_align_left\">\n\t\t\n\t\t<figure class=\"wpb_wrapper vc_figure\">\n\t\t\t<div class=\"vc_single_image-wrapper   vc_box_border_grey\"><img loading=\"lazy\" decoding=\"async\" width=\"906\" height=\"1186\" src=\"https:\/\/www.vieux-telegraphe.fr\/wp-content\/uploads\/2022\/01\/hp_vt_8.jpg\" class=\"vc_single_image-img attachment-full\" alt=\"\" \/><\/div>\n\t\t<\/figure>\n\t<\/div>\n<\/div><\/div><\/div><div class=\"wpb_column vc_column_container vc_col-sm-6\"><div class=\"vc_column-inner\"><div class=\"wpb_wrapper\"><h2 style=\"text-align: left\" class=\"vc_custom_heading\" >THE CELLAR<\/h2>\n\t<div class=\"wpb_text_column wpb_content_element\" >\n\t\t<div class=\"wpb_wrapper\">\n\t\t\t<div class=\"\">Notre caveau se situe dans le village de B\u00e9darrides, bien connu aujourd\u2019hui pour d\u00e9tenir la partie sud-est de l\u2019appellation Ch\u00e2teauneuf-du-Pape, au c\u0153ur du lieu de vinification et d\u2019\u00e9levage. Nous vous y accueillons avec plaisir pour vous faire d\u00e9guster nos vins bien s\u00fbr, mais aussi notre huile d\u2019olive.<\/div>\n<div><\/div>\n<h2 style=\"text-align: center;\"><\/h2>\n\n\t\t<\/div>\n\t<\/div>\n<div class=\"vc_btn3-container vc_btn3-inline\" ><a class=\"vc_general vc_btn3 vc_btn3-size-md vc_btn3-shape-rounded vc_btn3-style-modern vc_btn3-color-grey\" href=\"https:\/\/www.vieux-telegraphe.fr\/en\/contact\/\" title=\"\">Nous contacter<\/a><\/div><\/div><\/div><\/div><\/div><div class=\"vc_row wpb_row vc_row-fluid\"><div class=\"wpb_column vc_column_container vc_col-sm-12\"><div class=\"vc_column-inner\"><div class=\"wpb_wrapper\"><div class=\"vc_btn3-container  btn-vt vc_btn3-center\" ><a class=\"vc_general vc_btn3 vc_btn3-size-xs vc_btn3-shape-rounded vc_btn3-style-modern vc_btn3-icon-left vc_btn3-color-grey\" href=\"https:\/\/www.vieux-telegraphe.fr\/en\/les-medias-parlent-de-nous\/\" title=\"Press\" target=\"_blank\"><i class=\"vc_btn3-icon fas fa-mouse-pointer\"><\/i> Press<\/a><\/div><div class=\"vc_empty_space\"   style=\"height: 30px\"><span class=\"vc_empty_space_inner\"><\/span><\/div><h2 style=\"text-align: center\" class=\"vc_custom_heading\" ><a href=\"https:\/\/www.instagram.com\/vieuxtelegraphe\/\" target=\"_blank\">FOLLOW US ON INSTAGRAM!<\/a><\/h2><div class=\"vc_empty_space\"   style=\"height: 32px\"><span class=\"vc_empty_space_inner\"><\/span><\/div><div class=\"vc_row wpb_row vc_inner vc_row-fluid\"><div class=\"wpb_column vc_column_container vc_col-sm-4\"><div class=\"vc_column-inner\"><div class=\"wpb_wrapper\">\n\t<div  class=\"wpb_single_image wpb_content_element vc_align_left\">\n\t\t\n\t\t<figure class=\"wpb_wrapper vc_figure\">\n\t\t\t<a href=\"https:\/\/www.instagram.com\/vieuxtelegraphe\/\" target=\"_blank\" class=\"vc_single_image-wrapper   vc_box_border_grey\"><img loading=\"lazy\" decoding=\"async\" width=\"1365\" height=\"2048\" src=\"https:\/\/www.vieux-telegraphe.fr\/wp-content\/uploads\/2025\/02\/FLEURES-OUVERTES-rotated.jpg\" class=\"vc_single_image-img attachment-full\" alt=\"\" \/><\/a>\n\t\t<\/figure>\n\t<\/div>\n<\/div><\/div><\/div><div class=\"wpb_column vc_column_container vc_col-sm-4\"><div class=\"vc_column-inner\"><div class=\"wpb_wrapper\">\n\t<div  class=\"wpb_single_image wpb_content_element vc_align_left\">\n\t\t\n\t\t<figure class=\"wpb_wrapper vc_figure\">\n\t\t\t<a href=\"https:\/\/www.instagram.com\/vieuxtelegraphe\/\" target=\"_blank\" class=\"vc_single_image-wrapper   vc_box_border_grey\"><img loading=\"lazy\" decoding=\"async\" width=\"1707\" height=\"2560\" src=\"https:\/\/www.vieux-telegraphe.fr\/wp-content\/uploads\/2025\/02\/VERAISON-scaled.jpg\" class=\"vc_single_image-img attachment-full\" alt=\"\" \/><\/a>\n\t\t<\/figure>\n\t<\/div>\n<\/div><\/div><\/div><div class=\"wpb_column vc_column_container vc_col-sm-4\"><div class=\"vc_column-inner\"><div class=\"wpb_wrapper\">\n\t<div  class=\"wpb_single_image wpb_content_element vc_align_left\">\n\t\t\n\t\t<figure class=\"wpb_wrapper vc_figure\">\n\t\t\t<a href=\"https:\/\/www.instagram.com\/vieuxtelegraphe\/\" target=\"_blank\" class=\"vc_single_image-wrapper   vc_box_border_grey\"><img loading=\"lazy\" decoding=\"async\" width=\"1365\" height=\"2048\" src=\"https:\/\/www.vieux-telegraphe.fr\/wp-content\/uploads\/2025\/02\/CEPAGE.jpg\" class=\"vc_single_image-img attachment-full\" alt=\"\" \/><\/a>\n\t\t<\/figure>\n\t<\/div>\n<\/div><\/div><\/div><\/div><\/div><\/div><\/div><\/div>"},"excerpt":{"rendered":"le domaine du vieux te\u0301le\u0301graphe La Famille Brunier veille aux destin\u00e9es du domaine du Vieux T\u00e9l\u00e9graphe [...]","protected":false},"author":1,"featured_media":0,"parent":0,"menu_order":0,"comment_status":"closed","ping_status":"open","template":"","meta":{"footnotes":""},"class_list":["post-2","page","type-page","status-publish","hentry"],"yoast_head":"<!-- This site is optimized with the Yoast SEO plugin v26.8 - https:\/\/yoast.com\/product\/yoast-seo-wordpress\/ -->\n<title>Vieux T\u00e9l\u00e9graphe, grands vins de Ch\u00e2teauneuf-du-Pape<\/title>\n<meta name=\"description\" content=\"Le domaine du Vieux T\u00e9l\u00e9graphe est exploit\u00e9 par notre famille, la famille Brunier, depuis six g\u00e9n\u00e9rations, exactement depuis 1891.\" \/>\n<meta name=\"robots\" content=\"index, follow, max-snippet:-1, max-image-preview:large, max-video-preview:-1\" \/>\n<link rel=\"canonical\" href=\"https:\/\/www.vieux-telegraphe.fr\/en\/\" \/>\n<meta property=\"og:locale\" content=\"en_GB\" \/>\n<meta property=\"og:type\" content=\"article\" \/>\n<meta property=\"og:title\" content=\"Vieux T\u00e9l\u00e9graphe, grands vins de Ch\u00e2teauneuf-du-Pape\" \/>\n<meta property=\"og:description\" content=\"Le domaine du Vieux T\u00e9l\u00e9graphe est exploit\u00e9 par notre famille, la famille Brunier, depuis six g\u00e9n\u00e9rations, exactement depuis 1891.\" \/>\n<meta property=\"og:url\" content=\"https:\/\/www.vieux-telegraphe.fr\/en\/\" \/>\n<meta property=\"og:site_name\" content=\"Vieux T\u00e9l\u00e9graphe\" \/>\n<meta property=\"article:modified_time\" content=\"2025-10-02T07:17:43+00:00\" \/>\n<meta name=\"twitter:card\" content=\"summary_large_image\" \/>\n<meta name=\"twitter:label1\" content=\"Estimated reading time\" \/>\n\t<meta name=\"twitter:data1\" content=\"3 minutes\" \/>\n<!-- \/ Yoast SEO plugin. -->","yoast_head_json":{"title":"Vieux T\u00e9l\u00e9graphe, grands vins de Ch\u00e2teauneuf-du-Pape","description":"Le domaine du Vieux T\u00e9l\u00e9graphe est exploit\u00e9 par notre famille, la famille Brunier, depuis six g\u00e9n\u00e9rations, exactement depuis 1891.","robots":{"index":"index","follow":"follow","max-snippet":"max-snippet:-1","max-image-preview":"max-image-preview:large","max-video-preview":"max-video-preview:-1"},"canonical":"https:\/\/www.vieux-telegraphe.fr\/en\/","og_locale":"en_GB","og_type":"article","og_title":"Vieux T\u00e9l\u00e9graphe, grands vins de Ch\u00e2teauneuf-du-Pape","og_description":"Le domaine du Vieux T\u00e9l\u00e9graphe est exploit\u00e9 par notre famille, la famille Brunier, depuis six g\u00e9n\u00e9rations, exactement depuis 1891.","og_url":"https:\/\/www.vieux-telegraphe.fr\/en\/","og_site_name":"Vieux T\u00e9l\u00e9graphe","article_modified_time":"2025-10-02T07:17:43+00:00","twitter_card":"summary_large_image","twitter_misc":{"Estimated reading time":"3 minutes"},"schema":{"@context":"https:\/\/schema.org","@graph":[{"@type":"WebPage","@id":"https:\/\/www.vieux-telegraphe.fr\/","url":"https:\/\/www.vieux-telegraphe.fr\/","name":"Vieux T\u00e9l\u00e9graphe, grands vins de Ch\u00e2teauneuf-du-Pape","isPartOf":{"@id":"https:\/\/www.vieux-telegraphe.fr\/#website"},"datePublished":"2021-10-21T10:12:16+00:00","dateModified":"2025-10-02T07:17:43+00:00","description":"Le domaine du Vieux T\u00e9l\u00e9graphe est exploit\u00e9 par notre famille, la famille Brunier, depuis six g\u00e9n\u00e9rations, exactement depuis 1891.","breadcrumb":{"@id":"https:\/\/www.vieux-telegraphe.fr\/#breadcrumb"},"inLanguage":"en-GB","potentialAction":[{"@type":"ReadAction","target":["https:\/\/www.vieux-telegraphe.fr\/"]}]},{"@type":"BreadcrumbList","@id":"https:\/\/www.vieux-telegraphe.fr\/#breadcrumb","itemListElement":[{"@type":"ListItem","position":1,"name":"Accueil","item":"https:\/\/www.vieux-telegraphe.fr\/"},{"@type":"ListItem","position":2,"name":"Accueil"}]},{"@type":"WebSite","@id":"https:\/\/www.vieux-telegraphe.fr\/#website","url":"https:\/\/www.vieux-telegraphe.fr\/","name":"Vieux T\u00e9l\u00e9graphe","description":"grands vins de Ch\u00e2teauneuf-du-Pape","inLanguage":"en-GB"}]}},"_links":{"self":[{"href":"https:\/\/www.vieux-telegraphe.fr\/en\/wp-json\/wp\/v2\/pages\/2","targetHints":{"allow":["GET"]}}],"collection":[{"href":"https:\/\/www.vieux-telegraphe.fr\/en\/wp-json\/wp\/v2\/pages"}],"about":[{"href":"https:\/\/www.vieux-telegraphe.fr\/en\/wp-json\/wp\/v2\/types\/page"}],"author":[{"embeddable":true,"href":"https:\/\/www.vieux-telegraphe.fr\/en\/wp-json\/wp\/v2\/users\/1"}],"replies":[{"embeddable":true,"href":"https:\/\/www.vieux-telegraphe.fr\/en\/wp-json\/wp\/v2\/comments?post=2"}],"version-history":[{"count":252,"href":"https:\/\/www.vieux-telegraphe.fr\/en\/wp-json\/wp\/v2\/pages\/2\/revisions"}],"predecessor-version":[{"id":3432,"href":"https:\/\/www.vieux-telegraphe.fr\/en\/wp-json\/wp\/v2\/pages\/2\/revisions\/3432"}],"wp:attachment":[{"href":"https:\/\/www.vieux-telegraphe.fr\/en\/wp-json\/wp\/v2\/media?parent=2"}],"curies":[{"name":"wp","href":"https:\/\/api.w.org\/{rel}","templated":true}]}}